{"id":2711,"date":"2024-05-29T05:16:28","date_gmt":"2024-05-29T05:16:28","guid":{"rendered":"http:\/\/43.205.9.160\/?page_id=2711"},"modified":"2024-08-12T13:46:36","modified_gmt":"2024-08-12T13:46:36","slug":"salesforce-fsi-day-rashmita","status":"publish","type":"page","link":"https:\/\/www.tradepassglobal.com\/vi\/salesforce-fsi-day-rashmita\/","title":{"rendered":"Salesforce FSI Day"},"content":{"rendered":"<div data-elementor-type=\"wp-page\" data-elementor-id=\"2711\" class=\"elementor elementor-2711\">\n\t\t\t\t<div class=\"elementor-element elementor-element-66b6e572 e-con-full e-flex e-con e-parent\" data-id=\"66b6e572\" data-element_type=\"container\" data-settings=\"{&quot;background_background&quot;:&quot;classic&quot;}\">\n\t\t<div class=\"elementor-element elementor-element-29c93ddc e-flex e-con-boxed e-con e-child\" data-id=\"29c93ddc\" data-element_type=\"container\">\n\t\t\t\t\t<div class=\"e-con-inner\">\n\t\t<div class=\"elementor-element elementor-element-26fbee4f e-flex e-con-boxed e-con e-child\" data-id=\"26fbee4f\" data-element_type=\"container\">\n\t\t\t\t\t<div class=\"e-con-inner\">\n\t\t\t\t<div class=\"elementor-element elementor-element-24b6bab4 elementor-widget__width-inherit elementor-widget elementor-widget-heading\" data-id=\"24b6bab4\" data-element_type=\"widget\" data-widget_type=\"heading.default\">\n\t\t\t\t<div class=\"elementor-widget-container\">\n\t\t\t\t\t<h1 class=\"elementor-heading-title elementor-size-default\">Ng\u00e0y \u0111\u1ed5i m\u1edbi d\u1ecbch v\u1ee5 t\u00e0i ch\u00ednh c\u1ee7a Salesforce<\/h1>\t\t\t\t<\/div>\n\t\t\t\t<\/div>\n\t\t\t\t<div class=\"elementor-element elementor-element-5a506bb elementor-widget__width-initial elementor-absolute elementor-widget elementor-widget-shortcode\" data-id=\"5a506bb\" data-element_type=\"widget\" data-settings=\"{&quot;_position&quot;:&quot;absolute&quot;}\" data-widget_type=\"shortcode.default\">\n\t\t\t\t<div class=\"elementor-widget-container\">\n\t\t\t\t\t\t\t<div class=\"elementor-shortcode\"><div class=\"trp_language_switcher_shortcode\">\n<div class=\"trp-language-switcher trp-language-switcher-container\" data-no-translation>\n    <div class=\"trp-ls-shortcode-current-language\">\n        <a href=\"#\" class=\"trp-ls-shortcode-disabled-language trp-ls-disabled-language\" title=\"Vietnamese\" onclick=\"event.preventDefault()\">\n\t\t\t<img decoding=\"async\" class=\"trp-flag-image\" src=\"https:\/\/www.tradepassglobal.com\/wp-content\/plugins\/translatepress-multilingual\/assets\/images\/flags\/vi.png\" width=\"18\" height=\"12\" alt=\"vi\" title=\"Vietnamese\"> Vietnamese\t\t<\/a>\n    <\/div>\n    <div class=\"trp-ls-shortcode-language\">\n                <a href=\"#\" class=\"trp-ls-shortcode-disabled-language trp-ls-disabled-language\"  title=\"Vietnamese\" onclick=\"event.preventDefault()\">\n\t\t\t<img decoding=\"async\" class=\"trp-flag-image\" src=\"https:\/\/www.tradepassglobal.com\/wp-content\/plugins\/translatepress-multilingual\/assets\/images\/flags\/vi.png\" width=\"18\" height=\"12\" alt=\"vi\" title=\"Vietnamese\"> Vietnamese\t\t<\/a>\n                    <a href=\"https:\/\/www.tradepassglobal.com\/vi\/wp-json\/wp\/v2\/pages\/2711\" title=\"English\">\n            <img decoding=\"async\" class=\"trp-flag-image\" src=\"https:\/\/www.tradepassglobal.com\/wp-content\/plugins\/translatepress-multilingual\/assets\/images\/flags\/en_US.png\" width=\"18\" height=\"12\" alt=\"en_US\" title=\"English\"> English        <\/a>\n\n        <\/div>\n    <script type=\"application\/javascript\">\n        \/\/ need to have the same with set from JS on both divs. Otherwise it can push stuff around in HTML\n        var trp_ls_shortcodes = document.querySelectorAll('.trp_language_switcher_shortcode .trp-language-switcher');\n        if ( trp_ls_shortcodes.length > 0) {\n            \/\/ get the last language switcher added\n            var trp_el = trp_ls_shortcodes[trp_ls_shortcodes.length - 1];\n\n            var trp_shortcode_language_item = trp_el.querySelector( '.trp-ls-shortcode-language' )\n            \/\/ set width\n            var trp_ls_shortcode_width                                               = trp_shortcode_language_item.offsetWidth + 16;\n            trp_shortcode_language_item.style.width                                  = trp_ls_shortcode_width + 'px';\n            trp_el.querySelector( '.trp-ls-shortcode-current-language' ).style.width = trp_ls_shortcode_width + 'px';\n\n            \/\/ We're putting this on display: none after we have its width.\n            trp_shortcode_language_item.style.display = 'none';\n        }\n    <\/script>\n<\/div>\n<\/div><\/div>\n\t\t\t\t\t\t<\/div>\n\t\t\t\t<\/div>\n\t\t\t\t<div class=\"elementor-element elementor-element-c2ddfae elementor-widget__width-inherit elementor-widget elementor-widget-heading\" data-id=\"c2ddfae\" data-element_type=\"widget\" data-widget_type=\"heading.default\">\n\t\t\t\t<div class=\"elementor-widget-container\">\n\t\t\t\t\t<h2 class=\"elementor-heading-title elementor-size-default\">\u0110\u01b0\u1ee3c t\u00e0i tr\u1ee3 b\u1edfi<\/h2>\t\t\t\t<\/div>\n\t\t\t\t<\/div>\n\t\t\t\t<div class=\"elementor-element elementor-element-499e89b9 elementor-widget elementor-widget-image\" data-id=\"499e89b9\" data-element_type=\"widget\" data-widget_type=\"image.default\">\n\t\t\t\t<div class=\"elementor-widget-container\">\n\t\t\t\t\t\t\t\t\t\t\t\t\t\t\t<img fetchpriority=\"high\" decoding=\"async\" width=\"2500\" height=\"1750\" src=\"https:\/\/www.tradepassglobal.com\/wp-content\/uploads\/2024\/05\/salesforce-logo-vector.svg\" class=\"attachment-full size-full wp-image-2405\" alt=\"\" \/>\t\t\t\t\t\t\t\t\t\t\t\t\t\t\t<\/div>\n\t\t\t\t<\/div>\n\t\t\t\t<div class=\"elementor-element elementor-element-038c514 elementor-widget__width-inherit elementor-widget elementor-widget-heading\" data-id=\"038c514\" data-element_type=\"widget\" data-widget_type=\"heading.default\">\n\t\t\t\t<div class=\"elementor-widget-container\">\n\t\t\t\t\t<h3 class=\"elementor-heading-title elementor-size-default\"><span dir=\"ltr\">15 AUG <\/span>2024 | 9:30 am - 2:00 pm <br>Hotel Meli\u00e1 Hanoi, Vietnam<\/h3>\t\t\t\t<\/div>\n\t\t\t\t<\/div>\n\t\t\t\t\t<\/div>\n\t\t\t\t<\/div>\n\t\t\t\t\t<\/div>\n\t\t\t\t<\/div>\n\t\t\t\t<\/div>\n\t\t<div class=\"elementor-element elementor-element-465332d3 e-flex e-con-boxed e-con e-parent\" data-id=\"465332d3\" data-element_type=\"container\" data-settings=\"{&quot;background_background&quot;:&quot;classic&quot;}\">\n\t\t\t\t\t<div class=\"e-con-inner\">\n\t\t<div class=\"elementor-element elementor-element-277bfad2 e-flex e-con-boxed e-con e-child\" data-id=\"277bfad2\" data-element_type=\"container\">\n\t\t\t\t\t<div class=\"e-con-inner\">\n\t\t<div class=\"elementor-element elementor-element-7d9129a e-con-full e-flex e-con e-child\" data-id=\"7d9129a\" data-element_type=\"container\">\n\t\t\t\t<div class=\"elementor-element elementor-element-34eca52 box elementor-widget elementor-widget-eael-adv-tabs\" data-id=\"34eca52\" data-element_type=\"widget\" data-widget_type=\"eael-adv-tabs.default\">\n\t\t\t\t<div class=\"elementor-widget-container\">\n\t\t\t\t\t        <div data-scroll-on-click=\"no\" data-scroll-speed=\"300\" id=\"eael-advance-tabs-34eca52\" class=\"eael-advance-tabs eael-tabs-horizontal eael-tab-auto-active  active-caret-on\" data-tabid=\"34eca52\">\n            <div class=\"eael-tabs-nav\">\n                <ul class=\"eael-tab-inline-icon\" role=\"tablist\">\n                                            <li id=\"overview\" class=\"inactive eael-tab-item-trigger eael-tab-nav-item\" aria-selected=\"true\" data-tab=\"1\" role=\"tab\" tabindex=\"0\" aria-controls=\"overview-tab\" aria-expanded=\"false\">\n                            \n                                                                                                                            \n                                                            <span class=\"eael-tab-title title-after-icon\" >T\u1ed5ng quan<\/span>                            \n                                                    <\/li>\n                                            <li id=\"agenda\" class=\"inactive eael-tab-item-trigger eael-tab-nav-item\" aria-selected=\"false\" data-tab=\"2\" role=\"tab\" tabindex=\"-1\" aria-controls=\"agenda-tab\" aria-expanded=\"false\">\n                            \n                                                                                                                            \n                                                            <span class=\"eael-tab-title title-after-icon\" >N\u1ed9i dung ch\u01b0\u01a1ng tr\u00ecnh<\/span>                            \n                                                    <\/li>\n                    \n                                  <\/ul>\n            <\/div>\n            \n            <div class=\"eael-tabs-content\">\n\t\t        \n                    <div id=\"overview-tab\" class=\"clearfix eael-tab-content-item inactive\" data-title-link=\"overview-tab\">\n\t\t\t\t        <p>Khi nh\u1eefng \u0111\u1ed5i m\u1edbi c\u00f4ng ngh\u1ec7 nhanh ch\u00f3ng \u0111\u1ecbnh h\u00ecnh l\u1ea1i c\u00e1ch cung c\u1ea5p d\u1ecbch v\u1ee5 t\u00e0i ch\u00ednh cho kh\u00e1ch h\u00e0ng l\u00e0 l\u00fac c\u00e1c ng\u00e2n h\u00e0ng, c\u00f4ng ty b\u1ea3o hi\u1ec3m, FinTech, c\u00f4ng ty qu\u1ea3n l\u00fd t\u00e0i s\u1ea3n, m\u00f4i gi\u1edbi, v.v. \u0111ang \u0111\u1ee9ng tr\u01b0\u1edbc c\u01a1 h\u1ed9i tuy\u1ec7t v\u1eddi \u0111\u1ec3 khai th\u00e1c s\u1ee9c m\u1ea1nh c\u1ee7a AI, t\u1eadp trung v\u00e0o kh\u00e1ch h\u00e0ng v\u00e0 \u0111\u1ed5i m\u1edbi k\u1ef9 thu\u1eadt s\u1ed1 nh\u1eb1m t\u1ea1o ra gi\u00e1 tr\u1ecb m\u1edbi cho doanh nghi\u1ec7p c\u1ee7a m\u00ecnh.<\/p><p class=\"translation-block\">Tradepass vinh h\u1ea1nh t\u1ed5 ch\u1ee9c Ng\u00e0y \u0110\u1ed5i m\u1edbi D\u1ecbch v\u1ee5 T\u00e0i ch\u00ednh c\u00f9ng Salesforce v\u00e0o ng\u00e0y <strong>15 th\u00e1ng 8, Th\u1ee9 N\u0103m, t\u1eeb 9:30 s\u00e1ng \u0111\u1ebfn 2:00 chi\u1ec1u ICT t\u1ea1i Kh\u00e1ch s\u1ea1n Meli\u00e1 H\u00e0 N\u1ed9i<\/strong>. Ch\u00fang t\u00f4i tr\u00e2n tr\u1ecdng m\u1eddi qu\u00fd v\u1ecb tham d\u1ef1 s\u1ef1 ki\u1ec7n n\u00e0y \u0111\u1ec3 k\u1ebft n\u1ed1i c\u00f9ng c\u00e1c \u0111\u1ed3ng nghi\u1ec7p v\u00e0 th\u1ea3o lu\u1eadn v\u1ec1 c\u00e1c c\u01a1 h\u1ed9i c\u0169ng nh\u01b0 th\u00e1ch th\u1ee9c m\u00e0 ng\u00e0nh d\u1ecbch v\u1ee5 t\u00e0i ch\u00ednh t\u1ea1i Vi\u1ec7t Nam \u0111ang \u0111\u1ed1i m\u1eb7t.<\/p><p>C\u00f9ng l\u1eafng nghe, h\u1ecdc h\u1ecfi v\u00e0 \u0111\u01b0\u1ee3c truy\u1ec1n c\u1ea3m h\u1ee9ng t\u1eeb c\u00e1c chuy\u00ean gia trong ng\u00e0nh v\u00e0 nh\u1eefng kh\u00e1ch h\u00e0ng th\u00e0nh c\u00f4ng th\u00f4ng qua c\u00e1c ch\u1ee7 \u0111\u1ec1 th\u1ea3o lu\u1eadn:<\/p><ul><li>Tri\u1ec3n v\u1ecdng ng\u00e0nh d\u1ecbch v\u1ee5 t\u00e0i ch\u00ednh t\u1ea1i Vi\u1ec7tnam, nh\u1eefng xu h\u01b0\u1edbng v\u00e0 d\u1ef1 \u0111o\u00e1n ch\u00ednh<\/li><li>Khai th\u00e1c AI \u0111\u1ec3 x\u00e2y d\u1ef1ng ni\u1ec1m tin v\u00e0 th\u00fac \u0111\u1ea9y t\u0103ng tr\u01b0\u1edfng<\/li><li>Nh\u00e2n b\u1ea3n h\u00f3a tr\u1ea3i nghi\u1ec7m k\u1ef9 thu\u1eadt s\u1ed1<\/li><\/ul><p>Thu nh\u1eadn nh\u1eefng th\u00f4ng tin qu\u00fd b\u00e1u, tr\u1ea3i nghi\u1ec7m c\u00e1c \u0111\u1ed5i m\u1edbi m\u1edbi nh\u1ea5t v\u00e0 t\u1ea1o d\u1ef1ng nh\u1eefng k\u1ebft n\u1ed1i m\u1edbi t\u1ea1i kh\u00e1ch s\u1ea1n tuy\u1ec7t \u0111\u1eb9p Hotel Meli\u00e1 Hanoi.<\/p><p style=\"line-height: 1.2;\">*<em style=\"font-size: 13px;\">S\u1ef1 ki\u1ec7n s\u1ebd \u0111\u01b0\u1ee3c ti\u1ebfn h\u00e0nh ho\u00e0n to\u00e0n b\u1eb1ng ti\u1ebfng Vi\u1ec7t v\u00e0 s\u1ebd \u0111\u01b0\u1ee3c h\u1ed7 tr\u1ee3 b\u1edfi c\u00e1c thi\u1ebft b\u1ecb d\u1ecbch thu\u1eadt cho nh\u1eefng ng\u01b0\u1eddi tham d\u1ef1 kh\u00f4ng ph\u1ea3i ng\u01b0\u1eddi Vi\u1ec7t.<\/em><\/p><p><strong>\u0110\u1ecba \u0111i\u1ec3m<\/strong><\/p><p><a href=\"https:\/\/maps.app.goo.gl\/oH9diGQu3yiKaf9U9\" target=\"_blank\" rel=\"noopener\"><strong>Hotel Meli\u00e1 Hanoi,<\/strong><\/a><\/p><p>Thang Long Ballroom, Level 7<br \/>44 P. L\u00fd Th\u01b0\u1eddng Ki\u1ec7t,<br \/>Tr\u1ea7n H\u01b0ng \u0110\u1ea1o,<br \/>Ho\u00e0n Ki\u1ebfm,<br \/>H\u00e0 N\u1ed9i, Vietnam<\/p><p><a href=\"https:\/\/maps.app.goo.gl\/oH9diGQu3yiKaf9U9\" target=\"_blank\" rel=\"noopener\">See map &amp; directions &gt;<\/a><\/p>                    <\/div>\n\t\t        \n                    <div id=\"agenda-tab\" class=\"clearfix eael-tab-content-item inactive\" data-title-link=\"agenda-tab\">\n\t\t\t\t        <p><strong><span class=\"ui-provider a b c d e f g h i j k l m n o p q r s t u v w x y z ab ac ae af ag ah ai aj ak\" dir=\"ltr\">[AGENDA]<\/span><\/strong><\/p>                    <\/div>\n\t\t                    <\/div>\n        <\/div>\n\t\t\t\t<\/div>\n\t\t\t\t<\/div>\n\t\t\t\t<\/div>\n\t\t<div class=\"elementor-element elementor-element-b196c2b e-flex e-con-boxed e-con e-child\" data-id=\"b196c2b\" data-element_type=\"container\" data-settings=\"{&quot;background_background&quot;:&quot;classic&quot;}\">\n\t\t\t\t\t<div class=\"e-con-inner\">\n\t\t\t\t<div class=\"elementor-element elementor-element-2c47444f elementor-widget elementor-widget-html\" data-id=\"2c47444f\" data-element_type=\"widget\" id=\"form\" data-widget_type=\"html.default\">\n\t\t\t\t<div class=\"elementor-widget-container\">\n\t\t\t\t\t<script charset=\"utf-8\" type=\"text\/javascript\" src=\"\/\/js.hsforms.net\/forms\/embed\/v2.js\"><\/script>\r\n\r\n<script>\r\n\r\n  hbspt.forms.create({\r\n\r\n    region: \"na1\",\r\n\r\n    portalId: \"4931918\",\r\n\r\n    formId: \"0c647bc1-b501-48c0-af8d-f1949ec9ee85\"\r\n\r\n  });\r\n\r\n<\/script>\t\t\t\t<\/div>\n\t\t\t\t<\/div>\n\t\t\t\t\t<\/div>\n\t\t\t\t<\/div>\n\t\t\t\t\t<\/div>\n\t\t\t\t<\/div>\n\t\t\t\t\t<\/div>\n\t\t\t\t<\/div>\n\t\t<div class=\"elementor-element elementor-element-322ffdd3 e-flex e-con-boxed e-con e-parent\" data-id=\"322ffdd3\" data-element_type=\"container\" data-settings=\"{&quot;background_background&quot;:&quot;classic&quot;}\">\n\t\t\t\t\t<div class=\"e-con-inner\">\n\t\t<div class=\"elementor-element elementor-element-38467351 e-flex e-con-boxed e-con e-child\" data-id=\"38467351\" data-element_type=\"container\">\n\t\t\t\t\t<div class=\"e-con-inner\">\n\t\t<div class=\"elementor-element elementor-element-2aeded06 e-con-full e-flex e-con e-child\" data-id=\"2aeded06\" data-element_type=\"container\">\n\t\t\t\t<div class=\"elementor-element elementor-element-e96de86 elementor-widget__width-auto elementor-widget elementor-widget-image\" data-id=\"e96de86\" data-element_type=\"widget\" data-widget_type=\"image.default\">\n\t\t\t\t<div class=\"elementor-widget-container\">\n\t\t\t\t\t\t\t\t\t\t\t\t\t\t\t<img loading=\"lazy\" decoding=\"async\" width=\"393\" height=\"45\" src=\"https:\/\/www.tradepassglobal.com\/wp-content\/uploads\/2024\/05\/logo-1.png\" class=\"attachment-large size-large wp-image-2415\" alt=\"\" srcset=\"https:\/\/www.tradepassglobal.com\/wp-content\/uploads\/2024\/05\/logo-1.png 393w, https:\/\/www.tradepassglobal.com\/wp-content\/uploads\/2024\/05\/logo-1-300x34.png 300w\" sizes=\"(max-width: 393px) 100vw, 393px\" \/>\t\t\t\t\t\t\t\t\t\t\t\t\t\t\t<\/div>\n\t\t\t\t<\/div>\n\t\t\t\t<div class=\"elementor-element elementor-element-575acc17 copy elementor-widget elementor-widget-text-editor\" data-id=\"575acc17\" data-element_type=\"widget\" data-widget_type=\"text-editor.default\">\n\t\t\t\t<div class=\"elementor-widget-container\">\n\t\t\t\t\t\t\t\t\t<p><a href=\"http:\/\/43.205.9.160\/termsconditions\/\" target=\"_blank\" rel=\"noopener\">Terms &amp; Conditions<\/a> <a href=\"http:\/\/43.205.9.160\/privacypolicy\/\" target=\"_blank\" rel=\"noopener\">Privacy Policy<\/a> \u00a0 \u00a9 2024 Tradepass LLP. All Rights Reserved.<\/p>\t\t\t\t\t\t\t\t<\/div>\n\t\t\t\t<\/div>\n\t\t\t\t<\/div>\n\t\t<div class=\"elementor-element elementor-element-66f743dc e-flex e-con-boxed e-con e-child\" data-id=\"66f743dc\" data-element_type=\"container\">\n\t\t\t\t\t<div class=\"e-con-inner\">\n\t\t\t\t<div class=\"elementor-element elementor-element-5b7647de e-grid-align-tablet-left elementor-widget-mobile__width-inherit e-grid-align-mobile-center elementor-shape-rounded elementor-grid-0 e-grid-align-center elementor-widget elementor-widget-social-icons\" data-id=\"5b7647de\" data-element_type=\"widget\" data-widget_type=\"social-icons.default\">\n\t\t\t\t<div class=\"elementor-widget-container\">\n\t\t\t\t\t\t\t<div class=\"elementor-social-icons-wrapper elementor-grid\" role=\"list\">\n\t\t\t\t\t\t\t<span class=\"elementor-grid-item\" role=\"listitem\">\n\t\t\t\t\t<a class=\"elementor-icon elementor-social-icon elementor-social-icon-linkedin-in elementor-repeater-item-3ce6347\" href=\"https:\/\/www.linkedin.com\/company\/tradepassglobal\/\" target=\"_blank\" rel=\"noopener\">\n\t\t\t\t\t\t<span class=\"elementor-screen-only\">Linkedin-in<\/span>\n\t\t\t\t\t\t<i aria-hidden=\"true\" class=\"fab fa-linkedin-in\"><\/i>\t\t\t\t\t<\/a>\n\t\t\t\t<\/span>\n\t\t\t\t\t\t\t<span class=\"elementor-grid-item\" role=\"listitem\">\n\t\t\t\t\t<a class=\"elementor-icon elementor-social-icon elementor-social-icon-x-twitter elementor-repeater-item-2e20b47\" href=\"https:\/\/twitter.com\/Tradepassglobal\" target=\"_blank\" rel=\"noopener\">\n\t\t\t\t\t\t<span class=\"elementor-screen-only\">X-twitter<\/span>\n\t\t\t\t\t\t<i aria-hidden=\"true\" class=\"fab fa-x-twitter\"><\/i>\t\t\t\t\t<\/a>\n\t\t\t\t<\/span>\n\t\t\t\t\t\t\t<span class=\"elementor-grid-item\" role=\"listitem\">\n\t\t\t\t\t<a class=\"elementor-icon elementor-social-icon elementor-social-icon-facebook elementor-repeater-item-0ffd72c\" href=\"https:\/\/www.facebook.com\/tradepassevents\/\" target=\"_blank\" rel=\"noopener\">\n\t\t\t\t\t\t<span class=\"elementor-screen-only\">Facebook<\/span>\n\t\t\t\t\t\t<i aria-hidden=\"true\" class=\"fab fa-facebook\"><\/i>\t\t\t\t\t<\/a>\n\t\t\t\t<\/span>\n\t\t\t\t\t\t\t<span class=\"elementor-grid-item\" role=\"listitem\">\n\t\t\t\t\t<a class=\"elementor-icon elementor-social-icon elementor-social-icon-youtube elementor-repeater-item-27862a6\" href=\"https:\/\/www.instagram.com\/tradepass_global\/\" target=\"_blank\" rel=\"noopener\">\n\t\t\t\t\t\t<span class=\"elementor-screen-only\">Youtube<\/span>\n\t\t\t\t\t\t<i aria-hidden=\"true\" class=\"fab fa-youtube\"><\/i>\t\t\t\t\t<\/a>\n\t\t\t\t<\/span>\n\t\t\t\t\t<\/div>\n\t\t\t\t\t\t<\/div>\n\t\t\t\t<\/div>\n\t\t\t\t\t<\/div>\n\t\t\t\t<\/div>\n\t\t\t\t\t<\/div>\n\t\t\t\t<\/div>\n\t\t\t\t\t<\/div>\n\t\t\t\t<\/div>\n\t\t\t\t<\/div>","protected":false},"excerpt":{"rendered":"<p>Salesforce Financial Services Innovation Day Sponsored by 15 AUG 2024 | 9:30 am &#8211; 2:00 pm Hotel Meli\u00e1 Hanoi, Vietnam Overview Agenda As technological innovations rapidly reshape the way financial services are delivered to customers, the opportunities are ripe for banks, insurers, FinTech, wealth and asset management, brokerage etc. to unlock new value for their [&hellip;]<\/p>","protected":false},"author":1,"featured_media":3621,"parent":0,"menu_order":84,"comment_status":"closed","ping_status":"closed","template":"","meta":{"_eb_attr":"","content-type":"","footnotes":""},"class_list":["post-2711","page","type-page","status-publish","has-post-thumbnail","hentry"],"acf":[],"_links":{"self":[{"href":"https:\/\/www.tradepassglobal.com\/vi\/wp-json\/wp\/v2\/pages\/2711","targetHints":{"allow":["GET"]}}],"collection":[{"href":"https:\/\/www.tradepassglobal.com\/vi\/wp-json\/wp\/v2\/pages"}],"about":[{"href":"https:\/\/www.tradepassglobal.com\/vi\/wp-json\/wp\/v2\/types\/page"}],"author":[{"embeddable":true,"href":"https:\/\/www.tradepassglobal.com\/vi\/wp-json\/wp\/v2\/users\/1"}],"replies":[{"embeddable":true,"href":"https:\/\/www.tradepassglobal.com\/vi\/wp-json\/wp\/v2\/comments?post=2711"}],"version-history":[{"count":44,"href":"https:\/\/www.tradepassglobal.com\/vi\/wp-json\/wp\/v2\/pages\/2711\/revisions"}],"predecessor-version":[{"id":3811,"href":"https:\/\/www.tradepassglobal.com\/vi\/wp-json\/wp\/v2\/pages\/2711\/revisions\/3811"}],"wp:featuredmedia":[{"embeddable":true,"href":"https:\/\/www.tradepassglobal.com\/vi\/wp-json\/wp\/v2\/media\/3621"}],"wp:attachment":[{"href":"https:\/\/www.tradepassglobal.com\/vi\/wp-json\/wp\/v2\/media?parent=2711"}],"curies":[{"name":"wp","href":"https:\/\/api.w.org\/{rel}","templated":true}]}}